{"id":441,"date":"2017-12-09T15:54:40","date_gmt":"2017-12-09T14:54:40","guid":{"rendered":"https:\/\/www.motel22.at\/?page_id=441"},"modified":"2018-01-04T12:36:38","modified_gmt":"2018-01-04T11:36:38","slug":"near-by","status":"publish","type":"page","link":"https:\/\/www.motel22.at\/en\/near-by\/","title":{"rendered":"Near by"},"content":{"rendered":"<p><div class=\"fusion-fullwidth fullwidth-box fusion-builder-row-1 nonhundred-percent-fullwidth non-hundred-percent-height-scrolling\"  style='background-color: rgba(255,255,255,0);background-position: center center;background-repeat: no-repeat;padding-top:0px;padding-bottom:0px;'><div class=\"fusion-builder-row fusion-row \"><div  class=\"fusion-layout-column fusion_builder_column fusion_builder_column_1_1 fusion-builder-column-0 fusion-one-full fusion-column-first fusion-column-last 1_1\"  style='margin-top:0px;margin-bottom:0px;'><div class=\"fusion-column-wrapper\" style=\"padding: 0px 0px 0px 0px;background-position:left top;background-repeat:no-repeat;-webkit-background-size:cover;-moz-background-size:cover;-o-background-size:cover;background-size:cover;\"   data-bg-url=\"\"><div class=\"fusion-text\"><h1>AROUND<br \/>\n<strong>MOTEL22.<br \/>\n<\/strong><\/h1>\n<p>&nbsp;<\/p>\n<p>&nbsp;<\/p>\n<p>&nbsp;<\/p>\n<\/div><div class=\"fusion-clearfix\"><\/div><\/div><\/div><\/div><\/div><div class=\"fusion-fullwidth fullwidth-box fusion-builder-row-2 nonhundred-percent-fullwidth non-hundred-percent-height-scrolling\"  style='background-color: rgba(255,255,255,0);background-position: center center;background-repeat: no-repeat;padding-top:0px;padding-bottom:0px;'><div class=\"fusion-builder-row fusion-row \"><div  class=\"fusion-layout-column fusion_builder_column fusion_builder_column_1_2 fusion-builder-column-1 fusion-one-half fusion-column-first 1_2\"  style='margin-top:0px;margin-bottom:0px;width:50%;width:calc(50% - ( ( 4% ) * 0.5 ) );margin-right: 4%;'><div class=\"fusion-column-wrapper\" style=\"background-position:left top;background-repeat:no-repeat;-webkit-background-size:cover;-moz-background-size:cover;-o-background-size:cover;background-size:cover;\"   data-bg-url=\"\"><div class=\"fusion-image-frame-bottomshadow image-frame-shadow-1\"><style>.fusion-image-frame-bottomshadow.image-frame-shadow-1{display:inline-block}.element-bottomshadow.imageframe-1:before, .element-bottomshadow.imageframe-1:after{-webkit-box-shadow: 0 17px 10px rgba(0,0,0,0.4);box-shadow: 0 17px 10px rgba(0,0,0,0.4);}<\/style><span class=\"fusion-imageframe imageframe-bottomshadow imageframe-1 element-bottomshadow hover-type-none\"><a class=\"fusion-no-lightbox\" href=\"https:\/\/www.stroeck.at\/filialen?nid=92\" target=\"_blank\" aria-label=\"2\" rel=\"noopener noreferrer\"><img decoding=\"async\" loading=\"lazy\" src=\"https:\/\/www.motel22.at\/wp-content\/uploads\/2017\/10\/2.jpg\" width=\"1000\" height=\"561\" alt=\"\" class=\"img-responsive wp-image-365\" srcset=\"https:\/\/www.motel22.at\/wp-content\/uploads\/2017\/10\/2-200x112.jpg 200w, https:\/\/www.motel22.at\/wp-content\/uploads\/2017\/10\/2-400x224.jpg 400w, https:\/\/www.motel22.at\/wp-content\/uploads\/2017\/10\/2-600x337.jpg 600w, https:\/\/www.motel22.at\/wp-content\/uploads\/2017\/10\/2-800x449.jpg 800w, https:\/\/www.motel22.at\/wp-content\/uploads\/2017\/10\/2.jpg 1000w\" sizes=\"(max-width: 1024px) 100vw, 600px\" \/><\/a><\/span><\/div><div class=\"fusion-text\"><p><strong><br \/>\nStr\u00f6ck<\/strong> bakery opposite motel22<\/p>\n<\/div><div class=\"fusion-clearfix\"><\/div><\/div><\/div><div  class=\"fusion-layout-column fusion_builder_column fusion_builder_column_1_2 fusion-builder-column-2 fusion-one-half fusion-column-last 1_2\"  style='margin-top:0px;margin-bottom:0px;width:50%;width:calc(50% - ( ( 4% ) * 0.5 ) );'><div class=\"fusion-column-wrapper\" style=\"background-position:left top;background-repeat:no-repeat;-webkit-background-size:cover;-moz-background-size:cover;-o-background-size:cover;background-size:cover;\"   data-bg-url=\"\"><div class=\"fusion-image-frame-bottomshadow image-frame-shadow-2\"><style>.fusion-image-frame-bottomshadow.image-frame-shadow-2{display:inline-block}.element-bottomshadow.imageframe-2:before, .element-bottomshadow.imageframe-2:after{-webkit-box-shadow: 0 17px 10px rgba(0,0,0,0.4);box-shadow: 0 17px 10px rgba(0,0,0,0.4);}<\/style><span class=\"fusion-imageframe imageframe-bottomshadow imageframe-2 element-bottomshadow hover-type-none\"><a class=\"fusion-no-lightbox\" href=\"http:\/\/www.dorfheuriger-breitenlee.at\/\" target=\"_blank\" aria-label=\"1\" rel=\"noopener noreferrer\"><img decoding=\"async\" loading=\"lazy\" src=\"https:\/\/www.motel22.at\/wp-content\/uploads\/2017\/10\/1.jpg\" width=\"1000\" height=\"561\" alt=\"\" class=\"img-responsive wp-image-366\" srcset=\"https:\/\/www.motel22.at\/wp-content\/uploads\/2017\/10\/1-200x112.jpg 200w, https:\/\/www.motel22.at\/wp-content\/uploads\/2017\/10\/1-400x224.jpg 400w, https:\/\/www.motel22.at\/wp-content\/uploads\/2017\/10\/1-600x337.jpg 600w, https:\/\/www.motel22.at\/wp-content\/uploads\/2017\/10\/1-800x449.jpg 800w, https:\/\/www.motel22.at\/wp-content\/uploads\/2017\/10\/1.jpg 1000w\" sizes=\"(max-width: 1024px) 100vw, 600px\" \/><\/a><\/span><\/div><div class=\"fusion-text\"><p><strong><br \/>\nDorfheuriger Breitenlee <\/strong>directly beside motel22<strong><br \/>\n<\/strong><\/p>\n<\/div><div class=\"fusion-clearfix\"><\/div><\/div><\/div><div  class=\"fusion-layout-column fusion_builder_column fusion_builder_column_1_1 fusion-builder-column-3 fusion-one-full fusion-column-first fusion-column-last 1_1\"  style='margin-top:0px;margin-bottom:0px;'><div class=\"fusion-column-wrapper\" style=\"background-position:left top;background-repeat:no-repeat;-webkit-background-size:cover;-moz-background-size:cover;-o-background-size:cover;background-size:cover;\"   data-bg-url=\"\"><div class=\"fusion-sep-clear\"><\/div><div class=\"fusion-separator fusion-full-width-sep sep-single sep-solid\" style=\"border-color:#e0dede;border-top-width:1px;margin-left: auto;margin-right: auto;margin-top:100px;margin-bottom:100px;\"><\/div><div class=\"fusion-clearfix\"><\/div><\/div><\/div><div  class=\"fusion-layout-column fusion_builder_column fusion_builder_column_1_2 fusion-builder-column-4 fusion-one-half fusion-column-first 1_2\"  style='margin-top:0px;margin-bottom:0px;width:50%;width:calc(50% - ( ( 4% ) * 0.5 ) );margin-right: 4%;'><div class=\"fusion-column-wrapper\" style=\"background-position:left top;background-repeat:no-repeat;-webkit-background-size:cover;-moz-background-size:cover;-o-background-size:cover;background-size:cover;\"   data-bg-url=\"\"><div class=\"fusion-text\"><h2>Businesses<\/h2>\n<ul>\n<li><strong>10 min \/ Aspern Vienna\u2019s Urban Lakeside<\/strong><br \/>\nAspern Development AG Seestadtstra\u00dfe 27\/13, 1220 Vienna<br \/>\n<a href=\"http:\/\/www.aspern-seestadt.at\">http:\/\/www.aspern-seestadt.at<\/a><\/li>\n<li><strong>15 min \/ Messe Wien Exhibition &amp; Congress Center<\/strong><br \/>\nMesseplatz 1, 1020 Vienna<br \/>\n<a href=\"http:\/\/www.messe.at\">http:\/\/www.messe.at<\/a><\/li>\n<li><strong>15 min \/ Donau City<\/strong><br \/>\nDonau City Stra\u00dfe 1, 1220 Vienna<br \/>\n<a href=\"http:\/\/www.viennadc.at\">http:\/\/www.viennadc.at<\/a><\/li>\n<li><strong>15 min \/ Vienna International Centre<\/strong><br \/>\nWagramer Stra\u00dfe 5, 1400 Vienna<br \/>\n<a href=\"http:\/\/www.unvienna.org\">http:\/\/www.unvienna.org<\/a><\/li>\n<li><strong>15 min \/ ACV Austria Center Vienna<\/strong><br \/>\nBruno-Kreisky-Platz 1, 1220 Vienna<br \/>\n<a href=\"http:\/\/www.acv.at\">http:\/\/www.acv.at<\/a><\/li>\n<\/ul>\n<h2>Leisure time<\/h2>\n<ul>\n<li><strong>15 min \/ Recreational Paradise Alte Donau, Danube Island<\/strong><br \/>\n<a href=\"http:\/\/www.alte-donau.info\">http:\/\/www.alte-donau.info<\/a><\/li>\n<li><strong>7 min \/ Family Fun (children, indoor games hall)<\/strong><br \/>\nBreitenleer Stra\u00dfe 77, 1220 Vienna<br \/>\n<a href=\"http:\/\/www.alte-donau.info\">http:\/\/www.alte-donau.info<\/a><\/li>\n<li><strong>10 min \/ Golf Club Danube S\u00fc\u00dfenbrunn<\/strong><br \/>\nWeingartenallee 22, 1220 Vienna<br \/>\n<a href=\"http:\/\/www.gcwien-sb.at\">http:\/\/www.gcwien-sb.at<\/a><\/li>\n<li><strong>10 min \/ Kletterhalle Wien<\/strong><br \/>\nErzherzog-Karl-Stra\u00dfe 108, 1220 Vienna<br \/>\n<a href=\"http:\/\/www.kletterhallewien.at\/\">http:\/\/www.kletterhallewien.at\/<\/a><\/li>\n<li><strong>18 min \/ Wiener Prater<\/strong><br \/>\n<a href=\"http:\/\/www.prater.at\">http:\/\/www.prater.at<\/a><\/li>\n<li><strong>35 min \/ Schloss Hof<\/strong><br \/>\nSchlosshof 1, 2294 Schlosshof<br \/>\n<a href=\"http:\/\/www.schlosshof.at\">http:\/\/www.schlosshof.at<\/a><\/li>\n<li><strong>Next to motel22 \/ Rundumadum Wanderweg<\/strong><br \/>\n<a href=\"http:\/\/www.natuerlichwien.at\/rundumadum\/dergruenguertel\/19\">http:\/\/www.natuerlichwien.at\/rundumadum\/dergruenguertel\/19<\/a><\/li>\n<li><strong>7 min \/ Blumeng\u00e4rten Hirschstetten<\/strong><br \/>\nQuadenstrasse 15, 1220 Wien<br \/>\n<a href=\"https:\/\/www.wien.gv.at\/umwelt\/parks\/blumengaerten-hirschstetten\/\">https:\/\/www.wien.gv.at\/umwelt\/parks\/blumengaerten-hirschstetten\/<\/a><\/li>\n<\/ul>\n<\/div><div class=\"fusion-clearfix\"><\/div><\/div><\/div><div  class=\"fusion-layout-column fusion_builder_column fusion_builder_column_1_2 fusion-builder-column-5 fusion-one-half fusion-column-last 1_2\"  style='margin-top:0px;margin-bottom:0px;width:50%;width:calc(50% - ( ( 4% ) * 0.5 ) );'><div class=\"fusion-column-wrapper\" style=\"background-position:left top;background-repeat:no-repeat;-webkit-background-size:cover;-moz-background-size:cover;-o-background-size:cover;background-size:cover;\"   data-bg-url=\"\"><div class=\"fusion-text\"><div class=\"span6\">\n<h2>Shopping<\/h2>\n<ul>\n<li><strong>3 min \/ Schottenobst Hofladen<\/strong><br \/>\nBreitenleer Stra\u00dfe 247, 1220 Vienna<br \/>\n<a href=\"http:\/\/www.schotten.wien\/schottenobst\">www.schotten.wien\/schottenobst<\/a><\/li>\n<li><strong>15 min \/ G3 Shopping Resort Gerasdorf<\/strong><br \/>\nG3 Platz 1, 2201 Gerasdorf bei Wien<br \/>\n<a href=\"http:\/\/www.g3-shopping.at\">http:\/\/www.g3-shopping.at<\/a><\/li>\n<li><strong>5 min \/ IKEA Wien Nord<\/strong><br \/>\nGewerbepark Kagran Sverigestra\u00dfe 1a, 1220 Vienna<br \/>\n<a href=\"http:\/\/www.ikea.com\">http:\/\/www.ikea.com<\/a><\/li>\n<li><strong>10 min \/ DZ Donauzentrum shopping mall <\/strong><br \/>\nWagramer Stra\u00dfe 81, 1220 Vienna<br \/>\n<a href=\"http:\/\/www.donauzentrum.at\">http:\/\/www.donauzentrum.at<\/a><\/li>\n<li><strong>Next to motel22 \/ Bike+More<\/strong><br \/>\nAgavenweg 21, 1220 Vienna<br \/>\n<a href=\"http:\/\/www.bikemore.at\/\">http:\/\/www.bikemore.at\/<\/a><\/li>\n<\/ul>\n<h2>Food Services:<\/h2>\n<ul>\n<li><strong>Across the street from motel22 \/ Caf\u00e9-B\u00e4ckerei Str\u00f6ck <\/strong><br \/>\nBreitenleer Stra\u00dfe 258, 1220 Vienna<br \/>\n<a href=\"http:\/\/www.stroeck.at\">http:\/\/www.stroeck.at<\/a><\/li>\n<li><strong>Next to motel22 \/ Dorfheuriger Breitenlee <\/strong><br \/>\nBreitenleersta\u00dfe 257, 1220 Vienna,<br \/>\n<a href=\"http:\/\/www.dorfheuriger-breitenlee.at\">www.dorfheuriger-breitenlee.at<\/a><\/li>\n<li><strong>5 min \/ Flokal S\u00fcssenbrunn<\/strong><br \/>\nS\u00fcssenbrunner Platz 11, 1220 Wien<br \/>\n<a href=\"http:\/\/www.flokal.at\">http:\/\/www.flokal.at<\/a><\/li>\n<li><strong>Across the street from motel22 \/ Bierhaus Lindenhof<\/strong><br \/>\nBreitenleer Stra\u00dfe 256, 1220 Wien<br \/>\n<a href=\"http:\/\/www.lindenhof-breitenlee.com\">http:\/\/www.lindenhof-breitenlee.com<\/a><\/li>\n<li><strong>15 min \/ Marchfelderhof<\/strong><br \/>\nBockflies\u00dferstra\u00dfe 31, 2232 Deutsch Wagram<br \/>\n<a href=\"http:\/\/www.marchfelderhof.at\">http:\/\/www.marchfelderhof.at<\/a><\/li>\n<li><strong>15 min\/ Restaurant Jussi<\/strong><br \/>\nLangobardenstrasse 121, 1220 Wien<br \/>\n<a href=\"http:\/\/www.jussi.wien\">www.jussi.wien<\/a><\/li>\n<li><strong>7 min\/ Schanzen Wirt<\/strong><br \/>\nAn den alten Schanzen 51, 1220 Wien<br \/>\n<a href=\"http:\/\/www.schanzenwirt.at\">www.schanzenwirt.at<\/a><\/li>\n<li><strong>20 min\/ Strandcafe Alte Donau<\/strong><br \/>\nFlorian- Berndl Gasse 20, 1220 Vienna<br \/>\n<a href=\"http:\/\/www.strandcafe-wien.at\">www.strandcafe-wien.at<\/a><\/li>\n<li><strong>20 min\/ Z\u00fcndwerk- fine steaks, burgers and beer<\/strong><br \/>\nHauptstrasse 1, 2231 Strasshof an der Nordbahn<br \/>\n<a href=\"http:\/\/www.zuendwerk.at\">www.zuendwerk.at<\/a><\/li>\n<\/ul>\n<\/div>\n<\/div><div class=\"fusion-clearfix\"><\/div><\/div><\/div><div  class=\"fusion-layout-column fusion_builder_column fusion_builder_column_1_1 fusion-builder-column-6 fusion-one-full fusion-column-first fusion-column-last 1_1\"  style='margin-top:0px;margin-bottom:0px;'><div class=\"fusion-column-wrapper\" style=\"background-position:left top;background-repeat:no-repeat;-webkit-background-size:cover;-moz-background-size:cover;-o-background-size:cover;background-size:cover;\"   data-bg-url=\"\"><div class=\"fusion-text\"><p style=\"text-align: center;\">(minutes by car)<\/p>\n<\/div><div class=\"fusion-clearfix\"><\/div><\/div><\/div><\/div><\/div><\/p>\n","protected":false},"excerpt":{"rendered":"","protected":false},"author":1,"featured_media":0,"parent":0,"menu_order":0,"comment_status":"closed","ping_status":"closed","template":"","meta":{"footnotes":""},"_links":{"self":[{"href":"https:\/\/www.motel22.at\/en\/wp-json\/wp\/v2\/pages\/441"}],"collection":[{"href":"https:\/\/www.motel22.at\/en\/wp-json\/wp\/v2\/pages"}],"about":[{"href":"https:\/\/www.motel22.at\/en\/wp-json\/wp\/v2\/types\/page"}],"author":[{"embeddable":true,"href":"https:\/\/www.motel22.at\/en\/wp-json\/wp\/v2\/users\/1"}],"replies":[{"embeddable":true,"href":"https:\/\/www.motel22.at\/en\/wp-json\/wp\/v2\/comments?post=441"}],"version-history":[{"count":6,"href":"https:\/\/www.motel22.at\/en\/wp-json\/wp\/v2\/pages\/441\/revisions"}],"predecessor-version":[{"id":475,"href":"https:\/\/www.motel22.at\/en\/wp-json\/wp\/v2\/pages\/441\/revisions\/475"}],"wp:attachment":[{"href":"https:\/\/www.motel22.at\/en\/wp-json\/wp\/v2\/media?parent=441"}],"curies":[{"name":"wp","href":"https:\/\/api.w.org\/{rel}","templated":true}]}}